{"id":39,"date":"2022-01-08T13:16:06","date_gmt":"2022-01-08T13:16:06","guid":{"rendered":"https:\/\/test2.hanele.cz\/?page_id=39"},"modified":"2022-01-09T12:02:26","modified_gmt":"2022-01-09T12:02:26","slug":"uvod","status":"publish","type":"page","link":"https:\/\/test2.hanele.cz\/","title":{"rendered":"\u00favod"},"content":{"rendered":"<p>[et_pb_section fb_built=&#8220;1&#8243; _builder_version=&#8220;4.14.5&#8243; _module_preset=&#8220;default&#8220; custom_padding=&#8220;0px||0px||false|false&#8220; bottom_divider_style=&#8220;slant&#8220; bottom_divider_color=&#8220;#000000&#8243; bottom_divider_height=&#8220;62px&#8220; global_colors_info=&#8220;{}&#8220;][et_pb_row column_structure=&#8220;1_3,1_3,1_3&#8243; _builder_version=&#8220;4.14.5&#8243; _module_preset=&#8220;default&#8220; min_height=&#8220;292.7px&#8220; custom_padding=&#8220;30px||59px||false|false&#8220; global_colors_info=&#8220;{}&#8220; custom_margin=&#8220;|auto|0px|auto||&#8220;][et_pb_column type=&#8220;1_3&#8243; _builder_version=&#8220;4.14.5&#8243; _module_preset=&#8220;default&#8220; global_colors_info=&#8220;{}&#8220;][et_pb_button button_url=&#8220;@ET-DC@eyJkeW5hbWljIjp0cnVlLCJjb250ZW50IjoicG9zdF9saW5rX3VybF9wYWdlIiwic2V0dGluZ3MiOnsicG9zdF9pZCI6IjgzIn19@&#8220; button_text=&#8220;OBRAZY&#8220; button_alignment=&#8220;center&#8220; _builder_version=&#8220;4.14.5&#8243; _dynamic_attributes=&#8220;button_url&#8220; _module_preset=&#8220;default&#8220; custom_button=&#8220;on&#8220; button_text_size=&#8220;27px&#8220; button_text_color=&#8220;#000000&#8243; button_border_color=&#8220;RGBA(255,255,255,0)&#8220; button_font=&#8220;Anton||||||||&#8220; button_icon=&#8220;&#xe006;||divi||400&#8243; button_icon_color=&#8220;#000000&#8243; global_colors_info=&#8220;{}&#8220;][\/et_pb_button][dsm_floating_multi_images _builder_version=&#8220;4.14.5&#8243; _module_preset=&#8220;default&#8220; custom_margin=&#8220;||||false|false&#8220; custom_padding=&#8220;30px|10px|30px|10px|true|false&#8220; hover_enabled=&#8220;0&#8243; global_colors_info=&#8220;{}&#8220; sticky_enabled=&#8220;0&#8243;][dsm_floating_multi_images_child src=&#8220;http:\/\/test2.hanele.cz\/wp-content\/uploads\/2022\/01\/abstraktni_obraz_0001_50x70cm_HaneleCZ_nahled_300x420px.jpg&#8220; alt=&#8220;Abstraktn\u00ed obraz &#8211; akryl na pl\u00e1tn\u011b o rozm\u011brech 50x70cm, strukturovan\u00fd povrch&#8220; horizontal_align=&#8220;11%&#8220; vertical_align=&#8220;-5%&#8220; _builder_version=&#8220;4.14.5&#8243; _dynamic_attributes=&#8220;link_option_url&#8220; _module_preset=&#8220;default&#8220; max_width=&#8220;77%&#8220; link_option_url=&#8220;@ET-DC@eyJkeW5hbWljIjp0cnVlLCJjb250ZW50IjoicG9zdF9saW5rX3VybF9wYWdlIiwic2V0dGluZ3MiOnsicG9zdF9pZCI6IjgzIn19@&#8220; hover_enabled=&#8220;0&#8243; global_colors_info=&#8220;{}&#8220; sticky_enabled=&#8220;0&#8243;][\/dsm_floating_multi_images_child][dsm_floating_multi_images_child src=&#8220;http:\/\/test2.hanele.cz\/wp-content\/uploads\/2022\/01\/abstraktni_obraz_0002_50x70cm_HaneleCZ_nahled_300x420px.jpg&#8220; alt=&#8220;Abstraktn\u00ed obraz &#8211; akryl na pl\u00e1tn\u011b o rozm\u011brech 50x70cm, strukturovan\u00fd povrch&#8220; horizontal_align=&#8220;55%&#8220; vertical_align=&#8220;11%&#8220; _builder_version=&#8220;4.14.5&#8243; _module_preset=&#8220;default&#8220; width=&#8220;40%&#8220; max_width=&#8220;44%&#8220; global_colors_info=&#8220;{}&#8220;][\/dsm_floating_multi_images_child][dsm_floating_multi_images_child src=&#8220;http:\/\/test2.hanele.cz\/wp-content\/uploads\/2022\/01\/abstraktni_obraz_0005_50x70cm_HaneleCZ_nahled_300x420px.jpg&#8220; alt=&#8220;Abstraktn\u00ed obraz &#8211; akryl na pl\u00e1tn\u011b o rozm\u011brech 50x70cm,&#8220; horizontal_align=&#8220;-2%&#8220; vertical_align=&#8220;-11%&#8220; _builder_version=&#8220;4.14.5&#8243; _module_preset=&#8220;default&#8220; width=&#8220;39%&#8220; global_colors_info=&#8220;{}&#8220;][\/dsm_floating_multi_images_child][\/dsm_floating_multi_images][\/et_pb_column][et_pb_column type=&#8220;1_3&#8243; _builder_version=&#8220;4.14.5&#8243; _module_preset=&#8220;default&#8220; global_colors_info=&#8220;{}&#8220;][et_pb_button button_url=&#8220;@ET-DC@eyJkeW5hbWljIjp0cnVlLCJjb250ZW50IjoicG9zdF9saW5rX3VybF9wYWdlIiwic2V0dGluZ3MiOnsicG9zdF9pZCI6IjgzIn19@&#8220; button_text=&#8220;KOL\u00c1\u017dE\/TISKY&#8220; button_alignment=&#8220;center&#8220; _builder_version=&#8220;4.14.5&#8243; _dynamic_attributes=&#8220;button_url&#8220; _module_preset=&#8220;default&#8220; custom_button=&#8220;on&#8220; button_text_size=&#8220;27px&#8220; button_text_color=&#8220;#000000&#8243; button_border_color=&#8220;RGBA(255,255,255,0)&#8220; button_font=&#8220;Anton||||||||&#8220; button_icon=&#8220;&#xe006;||divi||400&#8243; button_icon_color=&#8220;#000000&#8243; global_colors_info=&#8220;{}&#8220;][\/et_pb_button][dsm_floating_multi_images _builder_version=&#8220;4.14.5&#8243; _module_preset=&#8220;default&#8220; custom_margin=&#8220;||||false|false&#8220; custom_padding=&#8220;30px|10px|30px|10px|true|true&#8220; global_colors_info=&#8220;{}&#8220;][dsm_floating_multi_images_child src=&#8220;http:\/\/test2.hanele.cz\/wp-content\/uploads\/2022\/01\/digitalni_kolaz_eroze_portret_tisk_nahled_500px_HaneleCZ.jpg&#8220; alt=&#8220;obraz, kombinovan\u00e1 technika, digit\u00e1ln\u00ed kol\u00e1\u017e, koroze, surrealismus, tisk na fotopapir &#8220; horizontal_align=&#8220;5%&#8220; vertical_align=&#8220;-8%&#8220; _builder_version=&#8220;4.14.5&#8243; _module_preset=&#8220;default&#8220; max_width=&#8220;79%&#8220; global_colors_info=&#8220;{}&#8220;][\/dsm_floating_multi_images_child][dsm_floating_multi_images_child src=&#8220;http:\/\/test2.hanele.cz\/wp-content\/uploads\/2022\/01\/digitalni_kolaz_koroze_ruka_oko_tisk_nahled_300px_HaneleCZ.jpg&#8220; alt=&#8220;obraz, kombinovan\u00e1 technika, digit\u00e1ln\u00ed kol\u00e1\u017e, koroze, surrealismus, tisk na fotopapir &#8220; horizontal_align=&#8220;55%&#8220; vertical_align=&#8220;39%&#8220; _builder_version=&#8220;4.14.5&#8243; _module_preset=&#8220;default&#8220; width=&#8220;48%&#8220; max_width=&#8220;44%&#8220; global_colors_info=&#8220;{}&#8220;][\/dsm_floating_multi_images_child][\/dsm_floating_multi_images][\/et_pb_column][et_pb_column type=&#8220;1_3&#8243; _builder_version=&#8220;4.14.5&#8243; _module_preset=&#8220;default&#8220; global_colors_info=&#8220;{}&#8220;][et_pb_button button_url=&#8220;@ET-DC@eyJkeW5hbWljIjp0cnVlLCJjb250ZW50IjoicG9zdF9saW5rX3VybF9wYWdlIiwic2V0dGluZ3MiOnsicG9zdF9pZCI6IjgzIn19@&#8220; button_text=&#8220;\u0160MIKPOEZIE&#8220; button_alignment=&#8220;center&#8220; _builder_version=&#8220;4.14.5&#8243; _dynamic_attributes=&#8220;button_url&#8220; _module_preset=&#8220;default&#8220; custom_button=&#8220;on&#8220; button_text_size=&#8220;27px&#8220; button_text_color=&#8220;#000000&#8243; button_border_color=&#8220;RGBA(255,255,255,0)&#8220; button_font=&#8220;Anton||||||||&#8220; button_icon=&#8220;&#xe006;||divi||400&#8243; button_icon_color=&#8220;#000000&#8243; global_colors_info=&#8220;{}&#8220;][\/et_pb_button][dsm_floating_multi_images _builder_version=&#8220;4.14.5&#8243; _module_preset=&#8220;default&#8220; custom_margin=&#8220;||||false|false&#8220; custom_padding=&#8220;30px|0px|30px|0px|true|false&#8220; global_colors_info=&#8220;{}&#8220;][dsm_floating_multi_images_child src=&#8220;http:\/\/test2.hanele.cz\/wp-content\/uploads\/2022\/01\/smikpoezie_format_a4_nahled_500px_HaneleCZ.jpg&#8220; alt=&#8220;obraz, kol\u00e1\u017e na \u010dtvrtce form\u00e1tu A4, poezie z novinov\u00fdch v\u00fdst\u0159i\u017ek\u016f, alternativn\u00ed haiku&#8220; horizontal_align=&#8220;11%&#8220; vertical_align=&#8220;-4%&#8220; _builder_version=&#8220;4.14.5&#8243; _module_preset=&#8220;default&#8220; max_width=&#8220;83%&#8220; global_colors_info=&#8220;{}&#8220;][\/dsm_floating_multi_images_child][dsm_floating_multi_images_child src=&#8220;http:\/\/test2.hanele.cz\/wp-content\/uploads\/2022\/01\/noviny_200px.png&#8220; alt=&#8220;noviny slou\u017e\u00edc\u00ed pro kol\u00e1\u017ee ze slov &#8211; \u0161mikpoezie&#8220; horizontal_align=&#8220;67%&#8220; vertical_align=&#8220;51%&#8220; _builder_version=&#8220;4.14.5&#8243; _module_preset=&#8220;default&#8220; width=&#8220;66%&#8220; max_width=&#8220;100%&#8220; global_colors_info=&#8220;{}&#8220;][\/dsm_floating_multi_images_child][dsm_floating_multi_images_child src=&#8220;http:\/\/test2.hanele.cz\/wp-content\/uploads\/2022\/01\/nuzky.png&#8220; alt=&#8220;n\u016f\u017eky slou\u017e\u00edc\u00ed k tvorb\u011b kol\u00e1\u017e\u00ed ze slov-\u0161mikpoezie&#8220; horizontal_align=&#8220;-2%&#8220; vertical_align=&#8220;-11%&#8220; _builder_version=&#8220;4.14.5&#8243; _module_preset=&#8220;default&#8220; width=&#8220;56%&#8220; max_width=&#8220;63%&#8220; global_colors_info=&#8220;{}&#8220;][\/dsm_floating_multi_images_child][\/dsm_floating_multi_images][\/et_pb_column][\/et_pb_row][\/et_pb_section][et_pb_section fb_built=&#8220;1&#8243; _builder_version=&#8220;4.14.5&#8243; _module_preset=&#8220;default&#8220; background_color=&#8220;#000000&#8243; global_colors_info=&#8220;{}&#8220; custom_padding=&#8220;2px|||||&#8220;][et_pb_row column_structure=&#8220;3_4,1_4&#8243; _builder_version=&#8220;4.14.5&#8243; _module_preset=&#8220;default&#8220; global_colors_info=&#8220;{}&#8220;][et_pb_column type=&#8220;3_4&#8243; _builder_version=&#8220;4.14.5&#8243; _module_preset=&#8220;default&#8220; global_colors_info=&#8220;{}&#8220;][et_pb_text _builder_version=&#8220;4.14.5&#8243; _module_preset=&#8220;default&#8220; header_font=&#8220;||||||||&#8220; header_letter_spacing=&#8220;1px&#8220; header_line_height=&#8220;1.5em&#8220; background_layout=&#8220;dark&#8220; global_colors_info=&#8220;{}&#8220;]<\/p>\n<h1>GRAFICK\u00dd DESIGN \/ WEBDESIGN<\/h1>\n<p>[\/et_pb_text][dsm_typing_effect before_typing_effect=&#8220;Mohu V\u00e1m pomoci, pokud pot\u0159ebujete &#8220; typing_effect=&#8220;LOGO|WEBOV\u00c9 STR\u00c1NKY|PLAK\u00c1TY|LET\u00c1\u010cKY|VIZITKY|GRAFIKU NA LP\/CD&#8220; typing_cursor_color=&#8220;#FFFFFF&#8220; after_typing_background_color=&#8220;RGBA(255,255,255,0)&#8220; _builder_version=&#8220;4.14.5&#8243; _module_preset=&#8220;default&#8220; header_text_color=&#8220;#FFFFFF&#8220; header_font_size=&#8220;26px&#8220; header_line_height=&#8220;1.5em&#8220; typing_text_color=&#8220;#E09900&#8243; typing_font_size=&#8220;35px&#8220; typing_line_height=&#8220;1.5em&#8220; global_colors_info=&#8220;{}&#8220;][\/dsm_typing_effect][\/et_pb_column][et_pb_column type=&#8220;1_4&#8243; _builder_version=&#8220;4.14.5&#8243; _module_preset=&#8220;default&#8220; global_colors_info=&#8220;{}&#8220;][et_pb_button button_text=&#8220;REFERENCE ZDE&#8220; _builder_version=&#8220;4.14.5&#8243; _module_preset=&#8220;default&#8220; custom_button=&#8220;on&#8220; button_text_size=&#8220;21px&#8220; button_text_color=&#8220;#FFFFFF&#8220; button_bg_color=&#8220;RGBA(255,255,255,0)&#8220; button_border_width=&#8220;1px&#8220; button_icon=&#8220;&#xe006;||divi||400&#8243; button_icon_color=&#8220;#E09900&#8243; button_on_hover=&#8220;off&#8220; custom_margin=&#8220;68px||||false|false&#8220; custom_margin_tablet=&#8220;65px||||false|false&#8220; custom_margin_phone=&#8220;0px||||false|false&#8220; custom_margin_last_edited=&#8220;on|tablet&#8220; global_colors_info=&#8220;{}&#8220;][\/et_pb_button][\/et_pb_column][\/et_pb_row][\/et_pb_section]<\/p>\n","protected":false},"excerpt":{"rendered":"<p><div class=\"et_pb_module dsm_floating_multi_images dsm_floating_multi_images_0\">\n\t\t\t\t\n\t\t\t\t\n\t\t\t\t\n\t\t\t\t\n\t\t\t\t<div class=\"et_pb_module_inner\">\n\t\t\t\t\t<div class=\"dsm_floating_multi_images_container\"><\/div>\n\t\t\t\t<\/div>\n\t\t\t<\/div><div class=\"et_pb_module dsm_floating_multi_images_child dsm_floating_multi_images_child_0\">\n\t\t\t\t\n\t\t\t\t\n\t\t\t\t\n\t\t\t\t\n\t\t\t\t<div class=\"et_pb_module_inner\">\n\t\t\t\t\t<img decoding=\"async\" src=\"http:\/\/test2.hanele.cz\/wp-content\/uploads\/2022\/01\/abstraktni_obraz_0001_50x70cm_HaneleCZ_nahled_300x420px.jpg\" alt=\"Abstraktn\u00ed obraz - akryl na pl\u00e1tn\u011b o rozm\u011brech 50x70cm, strukturovan\u00fd povrch\" \/>\n\t\t\t\t<\/div>\n\t\t\t<\/div><div class=\"et_pb_module dsm_floating_multi_images_child dsm_floating_multi_images_child_1\">\n\t\t\t\t\n\t\t\t\t\n\t\t\t\t\n\t\t\t\t\n\t\t\t\t<div class=\"et_pb_module_inner\">\n\t\t\t\t\t<img decoding=\"async\" src=\"http:\/\/test2.hanele.cz\/wp-content\/uploads\/2022\/01\/abstraktni_obraz_0002_50x70cm_HaneleCZ_nahled_300x420px.jpg\" alt=\"Abstraktn\u00ed obraz - akryl na pl\u00e1tn\u011b o rozm\u011brech 50x70cm, strukturovan\u00fd povrch\" \/>\n\t\t\t\t<\/div>\n\t\t\t<\/div><div class=\"et_pb_module dsm_floating_multi_images_child dsm_floating_multi_images_child_2\">\n\t\t\t\t\n\t\t\t\t\n\t\t\t\t\n\t\t\t\t\n\t\t\t\t<div class=\"et_pb_module_inner\">\n\t\t\t\t\t<img decoding=\"async\" src=\"\" alt=\"&#8220;Abstraktn\u00ed\" \/>\n\t\t\t\t<\/div>\n\t\t\t<\/div><\/p>\n","protected":false},"author":1,"featured_media":0,"parent":0,"menu_order":0,"comment_status":"closed","ping_status":"closed","template":"","meta":{"_et_pb_use_builder":"on","_et_pb_old_content":"","_et_gb_content_width":"","footnotes":""},"class_list":["post-39","page","type-page","status-publish","hentry"],"_links":{"self":[{"href":"https:\/\/test2.hanele.cz\/index.php?rest_route=\/wp\/v2\/pages\/39","targetHints":{"allow":["GET"]}}],"collection":[{"href":"https:\/\/test2.hanele.cz\/index.php?rest_route=\/wp\/v2\/pages"}],"about":[{"href":"https:\/\/test2.hanele.cz\/index.php?rest_route=\/wp\/v2\/types\/page"}],"author":[{"embeddable":true,"href":"https:\/\/test2.hanele.cz\/index.php?rest_route=\/wp\/v2\/users\/1"}],"replies":[{"embeddable":true,"href":"https:\/\/test2.hanele.cz\/index.php?rest_route=%2Fwp%2Fv2%2Fcomments&post=39"}],"version-history":[{"count":47,"href":"https:\/\/test2.hanele.cz\/index.php?rest_route=\/wp\/v2\/pages\/39\/revisions"}],"predecessor-version":[{"id":135,"href":"https:\/\/test2.hanele.cz\/index.php?rest_route=\/wp\/v2\/pages\/39\/revisions\/135"}],"wp:attachment":[{"href":"https:\/\/test2.hanele.cz\/index.php?rest_route=%2Fwp%2Fv2%2Fmedia&parent=39"}],"curies":[{"name":"wp","href":"https:\/\/api.w.org\/{rel}","templated":true}]}}